{"id":271,"date":"2021-01-06T14:55:38","date_gmt":"2021-01-06T14:55:38","guid":{"rendered":"https:\/\/dev.starkup.ee\/g-events2\/?page_id=271"},"modified":"2024-07-22T09:53:54","modified_gmt":"2024-07-22T09:53:54","slug":"conferences-congress","status":"publish","type":"page","link":"https:\/\/g-events.is\/en\/conferences-congress\/","title":{"rendered":"Conferences &#038; Congresses"},"content":{"rendered":"\n\t<section class=\"section\" id=\"section_1233595120\">\n\t\t<div class=\"section-bg fill\" >\n\t\t\t\t\t\t\t<div class=\"video-overlay no-click fill visible\"><\/div>\n\t<video class=\"video-bg fill visible\" preload playsinline autoplay muted loop>\n\t\t<source src=\"https:\/\/g-events.is\/wp-content\/uploads\/g-events_video_3.mp4\" type=\"video\/mp4\">\t<\/video>\n\t\t\t\n\t\t\t\n\n\t\t<\/div>\n\n\t\t\n\n\t\t<div class=\"section-content relative\">\n\t\t\t\n\t\t<\/div>\n\n\t\t\n<style>\n#section_1233595120 {\n  padding-top: 0px;\n  padding-bottom: 0px;\n  min-height: 75vh;\n}\n<\/style>\n\t<\/section>\n\t\n\n\t<section class=\"section\" id=\"section_827718818\">\n\t\t<div class=\"section-bg fill\" >\n\t\t\t\t\t\t\t\t\t\n\t\t\t\n\n\t\t<\/div>\n\n\t\t\n\n\t\t<div class=\"section-content relative\">\n\t\t\t\n<div class=\"row row-large align-middle\"  id=\"row-872875800\">\n\n\t<div id=\"col-1561021878\" class=\"col medium-10 small-12 large-10\"  >\n\t\t\t\t<div class=\"col-inner\"  >\n\t\t\t\n\t\t\t\n<h1>Conferences &#038; Congresses<\/h1>\n\t\t<\/div>\n\t\t\t\t\t<\/div>\n\n\t\n\n<style>\n#row-872875800 > .col > .col-inner {\n  padding: 50px 0px 0px 0px;\n}\n@media (min-width:550px) {\n  #row-872875800 > .col > .col-inner {\n    padding: 130px 0px 0px 0px;\n  }\n}\n<\/style>\n<\/div>\n<div class=\"row row-large\"  id=\"row-497310454\">\n\n\t<div id=\"col-1556954244\" class=\"col medium-6 small-12 large-6\"  >\n\t\t\t\t<div class=\"col-inner\"  >\n\t\t\t\n\t\t\t\n<div class=\"row\"  id=\"row-66390061\">\n\n\t<div id=\"col-158364148\" class=\"col hide-for-medium medium-2 small-12 large-2\"  >\n\t\t\t\t<div class=\"col-inner\"  >\n\t\t\t\n\t\t\t\n\t\t<\/div>\n\t\t\t\t\t<\/div>\n\n\t\n\n\t<div id=\"col-1867715396\" class=\"col medium-10 small-12 large-10\"  >\n\t\t\t\t<div class=\"col-inner\"  >\n\t\t\t\n\t\t\t\n<p>What do you want to gain by your conference? Better clients, better\/more educated employees, more brand awareness or something else? A conference is an investment in whatever you want to gain, and we will make sure that your return on your investment is exceptional.<\/p>\n<p>Iceland has a great infrastructure for conferences, as well as side events and activities. As a result, Iceland hosts the most conferences in the world per capita. Let our dedicated team assist you with getting the result that you want from your conference and send your guests home with good memories that will last for years to come.<\/p>\n\t\t<\/div>\n\t\t\t\t\t<\/div>\n\n\t\n<\/div>\n\t\t<\/div>\n\t\t\t\t\t<\/div>\n\n\t\n\n\t<div id=\"col-482140666\" class=\"col gallery-col medium-6 small-12 large-6\"  >\n\t\t\t\t<div class=\"col-inner\"  >\n\t\t\t\n\t\t\t\n<div class=\"gallery-zoom\" style=\"pointer-events: none\"><img loading=\"lazy\" decoding=\"async\" src=\"https:\/\/g-events.is\/wp-content\/themes\/g-events\/assets\/icons\/g-events_zoom.png\" alt=\"Zoom icon\" width=\"22\" height=\"22\" style=\"max-width: 100%;-ms-transform: translate(50%, 40%);transform: translate(70%, 49%);\"><\/div>\n\n  \n    <div id=\"gallery-293052131\" class=\"slider slider-auto-height row-collapse slider-nav-simple\" data-flickity-options='{&quot;imagesLoaded&quot;: true, &quot;dragThreshold&quot; : 5, &quot;cellAlign&quot;: &quot;left&quot;,&quot;wrapAround&quot;: true,&quot;prevNextButtons&quot;: true,&quot;percentPosition&quot;: true,&quot;pageDots&quot;: false, &quot;rightToLeft&quot;: false, &quot;autoPlay&quot; : false}'>\n\n  <div class=\"gallery-col col\" >\n          <div class=\"col-inner\">\n            <a class=\"image-lightbox lightbox-gallery\" href=\"https:\/\/g-events.is\/wp-content\/uploads\/MFP_2797-1024x684.jpg\" title=\"\">            <div class=\"box has-hover gallery-box box-none\">\n              <div class=\"box-image image-cover\" style=\"padding-top:100%;\">\n                <img loading=\"lazy\" decoding=\"async\" width=\"1020\" height=\"681\" src=\"https:\/\/g-events.is\/wp-content\/uploads\/MFP_2797-1024x684.jpg\" class=\"attachment-large size-large\" alt=\"An event for AstraZeneca pharmaceuticals planned by g-events dmc | pco.\" ids=\"273,304,8846\" style=\"none\" type=\"slider-full\" slider_nav_style=\"simple\" slider_nav_color=\"light\" image_height=\"100%\" image_size=\"large\" srcset=\"https:\/\/g-events.is\/wp-content\/uploads\/MFP_2797-1024x684.jpg 1024w, https:\/\/g-events.is\/wp-content\/uploads\/MFP_2797-300x200.jpg 300w, https:\/\/g-events.is\/wp-content\/uploads\/MFP_2797-768x513.jpg 768w, https:\/\/g-events.is\/wp-content\/uploads\/MFP_2797-1536x1025.jpg 1536w, https:\/\/g-events.is\/wp-content\/uploads\/MFP_2797-2048x1367.jpg 2048w\" sizes=\"auto, (max-width: 1020px) 100vw, 1020px\" \/>                                                              <\/div>\n              <div class=\"box-text text-left\" >\n                 <p><\/p>\n              <\/div>\n            <\/div>\n            <\/a>          <\/div>\n         <\/div><div class=\"gallery-col col\" >\n          <div class=\"col-inner\">\n            <a class=\"image-lightbox lightbox-gallery\" href=\"https:\/\/g-events.is\/wp-content\/uploads\/M_DSC_0635-1-1024x684.jpg\" title=\"H\u00e1sk\u00f3linn - fundur 3 j\u00fal\u00ed 2019\">            <div class=\"box has-hover gallery-box box-none\">\n              <div class=\"box-image image-cover\" style=\"padding-top:100%;\">\n                <img loading=\"lazy\" decoding=\"async\" width=\"1020\" height=\"681\" src=\"https:\/\/g-events.is\/wp-content\/uploads\/M_DSC_0635-1-1024x684.jpg\" class=\"attachment-large size-large\" alt=\"A hybrid event for the European Union for participants all over Europe planned by g-events dmc | pco.\" ids=\"273,304,8846\" style=\"none\" type=\"slider-full\" slider_nav_style=\"simple\" slider_nav_color=\"light\" image_height=\"100%\" image_size=\"large\" srcset=\"https:\/\/g-events.is\/wp-content\/uploads\/M_DSC_0635-1-1024x684.jpg 1024w, https:\/\/g-events.is\/wp-content\/uploads\/M_DSC_0635-1-300x200.jpg 300w, https:\/\/g-events.is\/wp-content\/uploads\/M_DSC_0635-1-768x513.jpg 768w, https:\/\/g-events.is\/wp-content\/uploads\/M_DSC_0635-1-1536x1025.jpg 1536w, https:\/\/g-events.is\/wp-content\/uploads\/M_DSC_0635-1-2048x1367.jpg 2048w\" sizes=\"auto, (max-width: 1020px) 100vw, 1020px\" \/>                                                              <\/div>\n              <div class=\"box-text text-left\" >\n                 <p>H\u00e1sk\u00f3linn - fundur 3 j\u00fal\u00ed 2019<\/p>\n              <\/div>\n            <\/div>\n            <\/a>          <\/div>\n         <\/div><div class=\"gallery-col col\" >\n          <div class=\"col-inner\">\n            <a class=\"image-lightbox lightbox-gallery\" href=\"https:\/\/g-events.is\/wp-content\/uploads\/g-events_conference_1-1024x683.jpg\" title=\"\">            <div class=\"box has-hover gallery-box box-none\">\n              <div class=\"box-image image-cover\" style=\"padding-top:100%;\">\n                <img loading=\"lazy\" decoding=\"async\" width=\"1020\" height=\"680\" src=\"https:\/\/g-events.is\/wp-content\/uploads\/g-events_conference_1-1024x683.jpg\" class=\"attachment-large size-large\" alt=\"\" ids=\"273,304,8846\" style=\"none\" type=\"slider-full\" slider_nav_style=\"simple\" slider_nav_color=\"light\" image_height=\"100%\" image_size=\"large\" srcset=\"https:\/\/g-events.is\/wp-content\/uploads\/g-events_conference_1-1024x683.jpg 1024w, https:\/\/g-events.is\/wp-content\/uploads\/g-events_conference_1-300x200.jpg 300w, https:\/\/g-events.is\/wp-content\/uploads\/g-events_conference_1-768x512.jpg 768w, https:\/\/g-events.is\/wp-content\/uploads\/g-events_conference_1-1536x1024.jpg 1536w, https:\/\/g-events.is\/wp-content\/uploads\/g-events_conference_1.jpg 2048w\" sizes=\"auto, (max-width: 1020px) 100vw, 1020px\" \/>                                                              <\/div>\n              <div class=\"box-text text-left\" >\n                 <p><\/p>\n              <\/div>\n            <\/div>\n            <\/a>          <\/div>\n         <\/div><\/div>\n\t\t<\/div>\n\t\t\t\t\t<\/div>\n\n\t\n\n<style>\n#row-497310454 > .col > .col-inner {\n  padding: 50px 0px 0px 0px;\n}\n@media (min-width:550px) {\n  #row-497310454 > .col > .col-inner {\n    padding: 0px 0px 80px 0px;\n  }\n}\n<\/style>\n<\/div>\n\t\t<\/div>\n\n\t\t\n<style>\n#section_827718818 {\n  padding-top: 0px;\n  padding-bottom: 0px;\n}\n<\/style>\n\t<\/section>\n\t\n\n\t<section class=\"section\" id=\"section_4808283\">\n\t\t<div class=\"section-bg fill\" >\n\t\t\t\t\t\t\t\t\t\n\t\t\t\n\n\t\t<\/div>\n\n\t\t\n\n\t\t<div class=\"section-content relative\">\n\t\t\t\n<div class=\"row row-large align-middle\"  id=\"row-121694567\">\n\n\t<div id=\"col-782341735\" class=\"col medium-10 small-12 large-10\"  >\n\t\t\t\t<div class=\"col-inner\"  >\n\t\t\t\n\t\t\t\n<h2>Recent Event<\/h2>\n\t\t<\/div>\n\t\t\t\t\t<\/div>\n\n\t\n\n<style>\n#row-121694567 > .col > .col-inner {\n  padding: 50px 0px 0px 0px;\n}\n@media (min-width:550px) {\n  #row-121694567 > .col > .col-inner {\n    padding: 130px 0px 0px 0px;\n  }\n}\n<\/style>\n<\/div>\n<div class=\"row row-large\"  id=\"row-544163245\">\n\n\t<div id=\"col-301219230\" class=\"col small-12 large-12\"  >\n\t\t\t\t<div class=\"col-inner\"  >\n\t\t\t\n\t\t\t\n<div class=\"row\"  id=\"row-1279324143\">\n\n\t<div id=\"col-479285556\" class=\"col hide-for-medium medium-2 small-12 large-2\"  >\n\t\t\t\t<div class=\"col-inner\"  >\n\t\t\t\n\t\t\t\n\t\t<\/div>\n\t\t\t\t\t<\/div>\n\n\t\n\n\t<div id=\"col-623964264\" class=\"col medium-12 small-12 large-8\"  >\n\t\t\t\t<div class=\"col-inner\"  >\n\t\t\t\n\t\t\t\n<div class=\"video video-fit mb\" style=\"padding-top:56.25%;\"><p><iframe loading=\"lazy\" title=\"Conference in Iceland planned by g-events dmc | pco\" width=\"1020\" height=\"574\" src=\"https:\/\/www.youtube.com\/embed\/9RYl_2XasNY?feature=oembed&#038;enablejsapi=1&#038;origin=https:\/\/g-events.is\" frameborder=\"0\" allow=\"accelerometer; autoplay; clipboard-write; encrypted-media; gyroscope; picture-in-picture\" allowfullscreen><\/iframe><\/p>\n<\/div>\n\t\t<\/div>\n\t\t\t\t\t<\/div>\n\n\t\n\n\t<div id=\"col-994121190\" class=\"col hide-for-medium medium-2 small-12 large-2\"  >\n\t\t\t\t<div class=\"col-inner\"  >\n\t\t\t\n\t\t\t\n\t\t<\/div>\n\t\t\t\t\t<\/div>\n\n\t\n<\/div>\n\t\t<\/div>\n\t\t\t\t\t<\/div>\n\n\t\n\n<style>\n#row-544163245 > .col > .col-inner {\n  padding: 50px 0px 0px 0px;\n}\n@media (min-width:550px) {\n  #row-544163245 > .col > .col-inner {\n    padding: 0px 0px 80px 0px;\n  }\n}\n<\/style>\n<\/div>\n\t\t<\/div>\n\n\t\t\n<style>\n#section_4808283 {\n  padding-top: 0px;\n  padding-bottom: 0px;\n}\n<\/style>\n\t<\/section>\n\t\n\n\t<section class=\"section\" id=\"section_1144329935\">\n\t\t<div class=\"section-bg fill\" >\n\t\t\t\t\t\t\t\t\t\n\t\t\t\n\n\t\t<\/div>\n\n\t\t\n\n\t\t<div class=\"section-content relative\">\n\t\t\t\n<div class=\"row row-large align-middle\"  id=\"row-1041307372\">\n\n\t<div id=\"col-2112662553\" class=\"col medium-6 small-12 large-6\"  >\n\t\t\t\t<div class=\"col-inner\"  >\n\t\t\t\n\t\t\t\n\t<div class=\"img has-hover x md-x lg-x y md-y lg-y\" id=\"image_1739070060\">\n\t\t\t\t\t\t\t\t<div class=\"img-inner dark\" >\n\t\t\t<img loading=\"lazy\" decoding=\"async\" width=\"1059\" height=\"1365\" src=\"https:\/\/g-events.is\/wp-content\/uploads\/g-events_conference_2_portr.jpg\" class=\"attachment-original size-original\" alt=\"\" srcset=\"https:\/\/g-events.is\/wp-content\/uploads\/g-events_conference_2_portr.jpg 1059w, https:\/\/g-events.is\/wp-content\/uploads\/g-events_conference_2_portr-233x300.jpg 233w, https:\/\/g-events.is\/wp-content\/uploads\/g-events_conference_2_portr-794x1024.jpg 794w, https:\/\/g-events.is\/wp-content\/uploads\/g-events_conference_2_portr-768x990.jpg 768w\" sizes=\"auto, (max-width: 1059px) 100vw, 1059px\" \/>\t\t\t\t\t\t\n\t\t\t\t\t<\/div>\n\t\t\t\t\t\t\t\t\n<style>\n#image_1739070060 {\n  width: 100%;\n}\n<\/style>\n\t<\/div>\n\t\n\t\t<\/div>\n\t\t\t\t\t<\/div>\n\n\t\n\n\t<div id=\"col-1682778648\" class=\"col medium-6 small-12 large-6\"  >\n\t\t\t\t<div class=\"col-inner\"  >\n\t\t\t\n\t\t\t\n<h2>Contact Us<\/h2>\n<div class=\"row\"  id=\"row-286048893\">\n\n\t<div id=\"col-1399293710\" class=\"col hide-for-medium medium-2 small-12 large-2\"  >\n\t\t\t\t<div class=\"col-inner\"  >\n\t\t\t\n\t\t\t\n\t\t<\/div>\n\t\t\t\t\t<\/div>\n\n\t\n\n\t<div id=\"col-57111954\" class=\"col medium-12 small-12 large-10\"  >\n\t\t\t\t<div class=\"col-inner\"  >\n\t\t\t\n\t\t\t\n<div class=\"row contact-details\"  id=\"row-534480432\">\n\n\t<div id=\"col-159548119\" class=\"col medium-4 small-4 large-4\"  >\n\t\t\t\t<div class=\"col-inner text-left\"  >\n\t\t\t\n\t\t\t\n<p>Email<\/p>\n\t\t<\/div>\n\t\t\t\t\t<\/div>\n\n\t\n\n\t<div id=\"col-1483381197\" class=\"col medium-8 small-8 large-8\"  >\n\t\t\t\t<div class=\"col-inner\"  >\n\t\t\t\n\t\t\t\n<p><a href=\"mailto:\ng@g-events.is\">g@g-events.is<\/a><\/p>\n\t\t<\/div>\n\t\t\t\t\t<\/div>\n\n\t\n<\/div>\n<div class=\"row contact-details\"  id=\"row-991471432\">\n\n\t<div id=\"col-422400854\" class=\"col medium-4 small-4 large-4\"  >\n\t\t\t\t<div class=\"col-inner text-left\"  >\n\t\t\t\n\t\t\t\n<p>Phone<\/p>\n\t\t<\/div>\n\t\t\t\t\t<\/div>\n\n\t\n\n\t<div id=\"col-445793720\" class=\"col medium-8 small-8 large-8\"  >\n\t\t\t\t<div class=\"col-inner\"  >\n\t\t\t\n\t\t\t\n<p><a href=\"tel:+3545270777\">+354 527 0777<\/a><\/p>\n\t\t<\/div>\n\t\t\t\t\t<\/div>\n\n\t\n<\/div>\n<div class=\"row contact-details\"  id=\"row-1809973285\">\n\n\t<div id=\"col-1802888158\" class=\"col medium-4 small-4 large-4\"  >\n\t\t\t\t<div class=\"col-inner text-left\"  >\n\t\t\t\n\t\t\t\n<p>Address<\/p>\n\t\t<\/div>\n\t\t\t\t\t<\/div>\n\n\t\n\n\t<div id=\"col-1812221617\" class=\"col medium-8 small-8 large-8\"  >\n\t\t\t\t<div class=\"col-inner\"  >\n\t\t\t\n\t\t\t\n<p><a href=\"https:\/\/maps.app.goo.gl\/T4jq5SuuBjCdmyo29\" rel=\"noopener\" target=\"_blank\">Sk\u00fatuvogur 1G<br \/>104 Reykjav\u00edk, Iceland<\/a><\/p>\n\t\t<\/div>\n\t\t\t\t\t<\/div>\n\n\t\n<\/div>\n\t\t<\/div>\n\t\t\t\t\t<\/div>\n\n\t\n<\/div>\n\t\t<\/div>\n\t\t\t\t\t<\/div>\n\n\t\n\n<style>\n#row-1041307372 > .col > .col-inner {\n  padding: 50px 0px 0px 0px;\n}\n@media (min-width:550px) {\n  #row-1041307372 > .col > .col-inner {\n    padding: 200px 0px 130px 0px;\n  }\n}\n<\/style>\n<\/div>\n\t\t<\/div>\n\n\t\t\n<style>\n#section_1144329935 {\n  padding-top: 0px;\n  padding-bottom: 0px;\n}\n<\/style>\n\t<\/section>\n\t\n","protected":false},"excerpt":{"rendered":"","protected":false},"author":1,"featured_media":0,"parent":0,"menu_order":0,"comment_status":"closed","ping_status":"closed","template":"page-transparent-header.php","meta":{"footnotes":""},"class_list":["post-271","page","type-page","status-publish","hentry"],"yoast_head":"<!-- This site is optimized with the Yoast SEO plugin v26.8 - https:\/\/yoast.com\/product\/yoast-seo-wordpress\/ -->\n<title>Conferences &amp; Congresses<\/title>\n<meta name=\"description\" content=\"We organize conferences, congresses, meetings and side events with conferenses like activities, dinners, parties and all other events in Iceland.\" \/>\n<meta name=\"robots\" content=\"index, follow, max-snippet:-1, max-image-preview:large, max-video-preview:-1\" \/>\n<link rel=\"canonical\" href=\"https:\/\/g-events.is\/en\/conferences-congress\/\" \/>\n<meta property=\"og:locale\" content=\"en_US\" \/>\n<meta property=\"og:type\" content=\"article\" \/>\n<meta property=\"og:title\" content=\"Conferences &amp; Congresses\" \/>\n<meta property=\"og:description\" content=\"We organize conferences, congresses, meetings and side events with conferenses like activities, dinners, parties and all other events in Iceland.\" \/>\n<meta property=\"og:url\" content=\"https:\/\/g-events.is\/en\/conferences-congress\/\" \/>\n<meta property=\"og:site_name\" content=\"g-events\" \/>\n<meta property=\"article:modified_time\" content=\"2024-07-22T09:53:54+00:00\" \/>\n<meta property=\"og:image\" content=\"https:\/\/g-events.is\/wp-content\/themes\/g-events\/assets\/icons\/g-events_zoom.png\" \/>\n<meta name=\"twitter:card\" content=\"summary_large_image\" \/>\n<meta name=\"twitter:label1\" content=\"Est. reading time\" \/>\n\t<meta name=\"twitter:data1\" content=\"2 minutes\" \/>\n<script type=\"application\/ld+json\" class=\"yoast-schema-graph\">{\"@context\":\"https:\/\/schema.org\",\"@graph\":[{\"@type\":\"WebPage\",\"@id\":\"https:\/\/g-events.is\/en\/conferences-congress\/\",\"url\":\"https:\/\/g-events.is\/en\/conferences-congress\/\",\"name\":\"Conferences & Congresses\",\"isPartOf\":{\"@id\":\"https:\/\/g-events.is\/#website\"},\"primaryImageOfPage\":{\"@id\":\"https:\/\/g-events.is\/en\/conferences-congress\/#primaryimage\"},\"image\":{\"@id\":\"https:\/\/g-events.is\/en\/conferences-congress\/#primaryimage\"},\"thumbnailUrl\":\"https:\/\/g-events.is\/wp-content\/themes\/g-events\/assets\/icons\/g-events_zoom.png\",\"datePublished\":\"2021-01-06T14:55:38+00:00\",\"dateModified\":\"2024-07-22T09:53:54+00:00\",\"description\":\"We organize conferences, congresses, meetings and side events with conferenses like activities, dinners, parties and all other events in Iceland.\",\"breadcrumb\":{\"@id\":\"https:\/\/g-events.is\/en\/conferences-congress\/#breadcrumb\"},\"inLanguage\":\"en-US\",\"potentialAction\":[{\"@type\":\"ReadAction\",\"target\":[\"https:\/\/g-events.is\/en\/conferences-congress\/\"]}]},{\"@type\":\"ImageObject\",\"inLanguage\":\"en-US\",\"@id\":\"https:\/\/g-events.is\/en\/conferences-congress\/#primaryimage\",\"url\":\"https:\/\/g-events.is\/wp-content\/themes\/g-events\/assets\/icons\/g-events_zoom.png\",\"contentUrl\":\"https:\/\/g-events.is\/wp-content\/themes\/g-events\/assets\/icons\/g-events_zoom.png\"},{\"@type\":\"BreadcrumbList\",\"@id\":\"https:\/\/g-events.is\/en\/conferences-congress\/#breadcrumb\",\"itemListElement\":[{\"@type\":\"ListItem\",\"position\":1,\"name\":\"Home\",\"item\":\"https:\/\/g-events.is\/en\/\"},{\"@type\":\"ListItem\",\"position\":2,\"name\":\"Conferences &#038; Congresses\"}]},{\"@type\":\"WebSite\",\"@id\":\"https:\/\/g-events.is\/#website\",\"url\":\"https:\/\/g-events.is\/\",\"name\":\"g-events\",\"description\":\"\",\"potentialAction\":[{\"@type\":\"SearchAction\",\"target\":{\"@type\":\"EntryPoint\",\"urlTemplate\":\"https:\/\/g-events.is\/?s={search_term_string}\"},\"query-input\":{\"@type\":\"PropertyValueSpecification\",\"valueRequired\":true,\"valueName\":\"search_term_string\"}}],\"inLanguage\":\"en-US\"}]}<\/script>\n<!-- \/ Yoast SEO plugin. -->","yoast_head_json":{"title":"Conferences & Congresses","description":"We organize conferences, congresses, meetings and side events with conferenses like activities, dinners, parties and all other events in Iceland.","robots":{"index":"index","follow":"follow","max-snippet":"max-snippet:-1","max-image-preview":"max-image-preview:large","max-video-preview":"max-video-preview:-1"},"canonical":"https:\/\/g-events.is\/en\/conferences-congress\/","og_locale":"en_US","og_type":"article","og_title":"Conferences & Congresses","og_description":"We organize conferences, congresses, meetings and side events with conferenses like activities, dinners, parties and all other events in Iceland.","og_url":"https:\/\/g-events.is\/en\/conferences-congress\/","og_site_name":"g-events","article_modified_time":"2024-07-22T09:53:54+00:00","og_image":[{"url":"https:\/\/g-events.is\/wp-content\/themes\/g-events\/assets\/icons\/g-events_zoom.png","type":"","width":"","height":""}],"twitter_card":"summary_large_image","twitter_misc":{"Est. reading time":"2 minutes"},"schema":{"@context":"https:\/\/schema.org","@graph":[{"@type":"WebPage","@id":"https:\/\/g-events.is\/en\/conferences-congress\/","url":"https:\/\/g-events.is\/en\/conferences-congress\/","name":"Conferences & Congresses","isPartOf":{"@id":"https:\/\/g-events.is\/#website"},"primaryImageOfPage":{"@id":"https:\/\/g-events.is\/en\/conferences-congress\/#primaryimage"},"image":{"@id":"https:\/\/g-events.is\/en\/conferences-congress\/#primaryimage"},"thumbnailUrl":"https:\/\/g-events.is\/wp-content\/themes\/g-events\/assets\/icons\/g-events_zoom.png","datePublished":"2021-01-06T14:55:38+00:00","dateModified":"2024-07-22T09:53:54+00:00","description":"We organize conferences, congresses, meetings and side events with conferenses like activities, dinners, parties and all other events in Iceland.","breadcrumb":{"@id":"https:\/\/g-events.is\/en\/conferences-congress\/#breadcrumb"},"inLanguage":"en-US","potentialAction":[{"@type":"ReadAction","target":["https:\/\/g-events.is\/en\/conferences-congress\/"]}]},{"@type":"ImageObject","inLanguage":"en-US","@id":"https:\/\/g-events.is\/en\/conferences-congress\/#primaryimage","url":"https:\/\/g-events.is\/wp-content\/themes\/g-events\/assets\/icons\/g-events_zoom.png","contentUrl":"https:\/\/g-events.is\/wp-content\/themes\/g-events\/assets\/icons\/g-events_zoom.png"},{"@type":"BreadcrumbList","@id":"https:\/\/g-events.is\/en\/conferences-congress\/#breadcrumb","itemListElement":[{"@type":"ListItem","position":1,"name":"Home","item":"https:\/\/g-events.is\/en\/"},{"@type":"ListItem","position":2,"name":"Conferences &#038; Congresses"}]},{"@type":"WebSite","@id":"https:\/\/g-events.is\/#website","url":"https:\/\/g-events.is\/","name":"g-events","description":"","potentialAction":[{"@type":"SearchAction","target":{"@type":"EntryPoint","urlTemplate":"https:\/\/g-events.is\/?s={search_term_string}"},"query-input":{"@type":"PropertyValueSpecification","valueRequired":true,"valueName":"search_term_string"}}],"inLanguage":"en-US"}]}},"_links":{"self":[{"href":"https:\/\/g-events.is\/en\/wp-json\/wp\/v2\/pages\/271","targetHints":{"allow":["GET"]}}],"collection":[{"href":"https:\/\/g-events.is\/en\/wp-json\/wp\/v2\/pages"}],"about":[{"href":"https:\/\/g-events.is\/en\/wp-json\/wp\/v2\/types\/page"}],"author":[{"embeddable":true,"href":"https:\/\/g-events.is\/en\/wp-json\/wp\/v2\/users\/1"}],"replies":[{"embeddable":true,"href":"https:\/\/g-events.is\/en\/wp-json\/wp\/v2\/comments?post=271"}],"version-history":[{"count":18,"href":"https:\/\/g-events.is\/en\/wp-json\/wp\/v2\/pages\/271\/revisions"}],"predecessor-version":[{"id":8852,"href":"https:\/\/g-events.is\/en\/wp-json\/wp\/v2\/pages\/271\/revisions\/8852"}],"wp:attachment":[{"href":"https:\/\/g-events.is\/en\/wp-json\/wp\/v2\/media?parent=271"}],"curies":[{"name":"wp","href":"https:\/\/api.w.org\/{rel}","templated":true}]}}